{"id":3,"date":"2024-02-15T02:59:12","date_gmt":"2024-02-15T02:59:12","guid":{"rendered":"http:\/\/www.herzgroup.com.tr\/herzshop\/?page_id=3"},"modified":"2024-03-03T17:47:21","modified_gmt":"2024-03-03T17:47:21","slug":"privacy-policy","status":"publish","type":"page","link":"https:\/\/www.herzgroup.com.tr\/herzshop\/privacy-policy\/","title":{"rendered":"Gizlilik Politikas\u0131"},"content":{"rendered":"\n<p>1. Ki\u015fisel Kimlik Bilgileri<\/p>\n\n\n\n<p>Kullan\u0131c\u0131lar siteyi ziyaret ettiklerinde, kaydolduklar\u0131nda, bir ankete cevap verdiklerinde, b\u00fcltene abone olduklar\u0131nda ve site \u00fczerinde kullan\u0131labilir olan di\u011fer etkinlikler, \u00f6zellikler, hizmetler veya kaynaklar\u0131 kulland\u0131klar\u0131nda kimlik bilgileri site taraf\u0131ndan toplan\u0131r. Kullan\u0131c\u0131lardan isim, e-mail adresi ve telefon numaras\u0131 gibi bilgiler istenebilir. Kullan\u0131c\u0131lar siteyi anonim olarak ziyaret edebilirler. Yaln\u0131zca kimlik bilgilerinin depolanmas\u0131n\u0131 onaylayan kullan\u0131c\u0131lar\u0131n ki\u015fisel bilgileri site taraf\u0131ndan toplan\u0131r. Kullan\u0131c\u0131lar; site i\u00e7indeki ba\u011flant\u0131lar hari\u00e7 her zaman ki\u015fisel bilgilerinin kullan\u0131lmas\u0131n\u0131 reddetme hakk\u0131na sahiptirler.<\/p>\n\n\n\n<p>2. Ki\u015fisel Olmayan Kimlik Bilgileri<\/p>\n\n\n\n<p>Kullan\u0131c\u0131lar\u0131n siteyi kulland\u0131klar\u0131nda ki\u015fisel olmayan kimlik bilgileri taraf\u0131m\u0131zdan toplanabilir. Ki\u015fisel olmayan bu bilgiler kullan\u0131c\u0131lar\u0131n siteye ba\u011flan\u0131rken kulland\u0131klar\u0131 bilgisayar\u0131n \u00e7e\u015fidi, taray\u0131c\u0131 isimleri, i\u015fletim sistemi, internet servis sa\u011flay\u0131c\u0131lar\u0131 gibi teknik bilgileri i\u00e7erebilir.<\/p>\n\n\n\n<p>3. Web Taray\u0131c\u0131s\u0131 \u00c7erezleri<\/p>\n\n\n\n<p>\u00c7erezler, kullan\u0131c\u0131 deneyimlerini artt\u0131rmak amac\u0131yla kullan\u0131labilir. Kullan\u0131c\u0131lar\u0131n web taray\u0131c\u0131lar\u0131 kay\u0131t tutmak ve bilgileri izlemek amac\u0131yla sabit diskinize \u00e7erezleri yerle\u015ftirir. Kullan\u0131c\u0131lar, \u00e7erezlerin yerle\u015fmesini engelleyebilir veya \u00e7erez g\u00f6nderildi\u011finde uyar\u0131lma se\u00e7ene\u011fini se\u00e7ebilir. \u00c7erezler engellendi\u011finde sitenin baz\u0131 b\u00f6l\u00fcmlerinin d\u00fczg\u00fcn \u00e7al\u0131\u015famayaca\u011f\u0131 unutulmamal\u0131d\u0131r.<\/p>\n\n\n\n<p>4. Toplanan Bilgileri Nas\u0131l Kullan\u0131yoruz<\/p>\n\n\n\n<p>www.herzshop.com.tr derlenen bilgileri a\u015fa\u011f\u0131daki ama\u00e7lar do\u011frultusunda kullanabilir:<\/p>\n\n\n\n<p>M\u00fc\u015fteri servislerinin geli\u015ftirilmesi;<\/p>\n\n\n\n<p>Toplanan bilgiler, m\u00fc\u015fterilerin taleplerine daha verimli cevap vermek ve destek olmak a\u00e7\u0131s\u0131ndan bize yard\u0131mc\u0131 olmaktad\u0131r.<\/p>\n\n\n\n<p>Kullan\u0131c\u0131 deneyimlerini ki\u015fiselle\u015ftirmek;<\/p>\n\n\n\n<p>Kullan\u0131c\u0131lar\u0131n sitedeki hizmet ve kaynaklar\u0131 nas\u0131l kulland\u0131\u011f\u0131n\u0131 anlamam\u0131za yard\u0131mc\u0131 olur. Sitemizi geli\u015ftirmek; Hizmet ve servislerimizi geli\u015ftirmek i\u00e7in geri bildirimleri kullanabiliriz.<\/p>\n\n\n\n<p>\u00d6deme i\u015flemi;<\/p>\n\n\n\n<p>Kullan\u0131c\u0131lar\u0131n vermi\u015f oldu\u011fu ki\u015fisel bilgiler sipari\u015f deste\u011fi sa\u011flanmas\u0131 i\u00e7in taraf\u0131m\u0131zdan kullan\u0131labilir. Hizmet sunumu i\u00e7in gereken bilgiler, sistem d\u0131\u015f\u0131ndaki ki\u015filerle payla\u015f\u0131lmaz. Promosyon, yar\u0131\u015fma, anket olu\u015fturmak veya sitedeki di\u011fer \u00f6zellikler; Kullan\u0131c\u0131lara ilgilenece\u011fini d\u00fc\u015f\u00fcnd\u00fc\u011f\u00fcm\u00fcz konular hakk\u0131nda kabul etmeleri halinde bildirilecektir.<\/p>\n\n\n\n<p>Periyodik e-mailler g\u00f6ndermek i\u00e7in e-mail adreslerini, kullan\u0131c\u0131 bilgileri ve sipari\u015f ile ilgili g\u00fcncellemeleri bildirmenin yan\u0131nda m\u00fc\u015fterilerin soru ve \u00f6nerilerini yan\u0131tlamak i\u00e7in kullanabiliriz. Mail listemize kaydolan kullan\u0131c\u0131lar, site haberleri, g\u00fcncellemeler, \u00fcr\u00fcnlerle ilgili hizmet bilgileri ile mailler al\u0131rlar. Kullan\u0131c\u0131lar e-mailleri almaktan vazge\u00e7erlerse, her mailin alt\u0131nda bulunan ayr\u0131nt\u0131l\u0131 abonelik y\u00f6r\u00fcngelerini izleyebilir veya bizimle irtibata ge\u00e7ebilirler.<\/p>\n\n\n\n<p>5. Bilgilerinizi Nas\u0131l Koruyoruz<\/p>\n\n\n\n<p>herzhop.com.tr uygun verileri toplar, depolama, veri i\u015fleme, yetkisiz eri\u015fimlere kar\u015f\u0131 g\u00fcvenlik \u00f6nlemi olarak ki\u015fisel bilgileriniz, kullan\u0131c\u0131 ad\u0131, \u015fifre, verilerin if\u015fa veya imha edilmesine kar\u015f\u0131 Sitemizde saklan\u0131r. Kullan\u0131c\u0131lar\u0131m\u0131z ile aram\u0131zdaki hassas ve gizli veri aktar\u0131mlar\u0131n\u0131, SSL g\u00fcvenlik sistemi ve dijital imza ile koruyoruz.<\/p>\n\n\n\n<p>6. Ki\u015fisel Bilgilerin Yay\u0131nlanmas\u0131<\/p>\n\n\n\n<p>Kullan\u0131c\u0131lar\u0131n ki\u015fisel bilgilerini \u00fc\u00e7\u00fcnc\u00fc \u015fah\u0131slara kiralam\u0131yoruz, satm\u0131yoruz ve payla\u015fm\u0131yoruz. \u0130\u015f ortaklar\u0131m\u0131z, g\u00fcvenilir ba\u011fl\u0131 kurulu\u015flar, reklam verenler ve kullan\u0131c\u0131lar ile ilgili herhangi bir ki\u015fisel kimlik bilgisi ba\u011flant\u0131l\u0131 de\u011fildir. Sadece jenerik toplanan demografik bilgileri belirtilen sebeplerden dolay\u0131 payla\u015fabiliriz. Bilgiler sadece ad\u0131m\u0131za haber b\u00fcltenleri veya anketler g\u00f6ndermek gibi faaliyetlerimizi y\u00f6neten sistem sa\u011flay\u0131c\u0131lar\u0131yla payla\u015f\u0131labilir. Bu s\u0131n\u0131rl\u0131 bilgiler, \u00fc\u00e7\u00fcnc\u00fc \u015fah\u0131slarla ancak kullan\u0131c\u0131lar\u0131n izin verdi\u011fi takdirde payla\u015f\u0131l\u0131r.<\/p>\n\n\n\n<p>7. Gizlilik Politikas\u0131n\u0131n De\u011fi\u015fimi<\/p>\n\n\n\n<p>www.herzshop.com.tr diledi\u011finde bu gizlilik politikas\u0131n\u0131 de\u011fi\u015ftirme hakk\u0131na sahiptir. Gizlilik politikas\u0131yla ilgili yap\u0131lan g\u00fcncellemenin tarihi sayfan\u0131n en alt\u0131nda belirtilir. Kullan\u0131c\u0131lara s\u0131k s\u0131k g\u00fcvenlik sayfas\u0131ndaki de\u011fi\u015fiklikleri takip etmelerini tavsiye ederiz. Gizlilik politikas\u0131nda olabilecek de\u011fi\u015fimleri d\u00fczenli olarak takip etmek ve yeni g\u00fcncelle\u015ftirmeleri \u00f6\u011frenmek kullan\u0131c\u0131lar\u0131n kendi sorumlulu\u011fundad\u0131r.<\/p>\n\n\n\n<p>8. Site Kurallar\u0131n\u0131n Kabul Edili\u015fi<\/p>\n\n\n\n<p>Kullan\u0131c\u0131lar siteyi kullanarak bu gizlilik politikas\u0131 ve \u015fartlar\u0131n\u0131 kabul etmi\u015f say\u0131l\u0131rlar. E\u011fer site politikalar\u0131n\u0131n size uymad\u0131\u011f\u0131n\u0131 d\u00fc\u015f\u00fcn\u00fcyorsan\u0131z, l\u00fctfen siteyi kullanmay\u0131n\u0131z. Siteyi kullanmaya devam etmeniz halinde gizlilik politikas\u0131nda yap\u0131lan g\u00fcncelle\u015ftirmeleri ve de\u011fi\u015fiklikleri kabul etti\u011finiz var say\u0131l\u0131r. Bize Ula\u015f\u0131n Gizlilik politikas\u0131 veya site i\u015fleyi\u015fiyle alakal\u0131 akl\u0131n\u0131za tak\u0131lan t\u00fcm sorular i\u00e7in bizimle ileti\u015fime ge\u00e7ebilirsiniz.<\/p>\n\n\n\n<p>9. Ki\u015fisel Verilerinizin Korunmas\u0131na Y\u00f6nelik Haklar\u0131n\u0131z<\/p>\n\n\n\n<p>Bu Ayd\u0131nlatma Metni&#8217;nin &#8220;Hak ve Talepleriniz \u0130\u00e7in \u0130leti\u015fim&#8221; b\u00f6l\u00fcm\u00fcnde yer alan y\u00f6ntemlerle \u015eirketimize ba\u015fvurarak,<\/p>\n\n\n\n<ul class=\"wp-block-list\">\n<li>Ki\u015fisel verilerinizin i\u015flenip i\u015flenmedi\u011fini \u00f6\u011frenme,<\/li>\n\n\n\n<li>\u0130\u015flenmi\u015fse buna ili\u015fkin bilgi talep etme,<\/li>\n\n\n\n<li>Ki\u015fisel verilerinizin i\u015flenme amac\u0131n\u0131 ve bunlar\u0131n amac\u0131na uygun kullan\u0131l\u0131p kullan\u0131lmad\u0131\u011f\u0131n\u0131 \u00f6\u011frenme,<\/li>\n\n\n\n<li>Yurt i\u00e7inde veya yurt d\u0131\u015f\u0131nda aktar\u0131ld\u0131\u011f\u0131 \u00fc\u00e7\u00fcnc\u00fc ki\u015fileri bilme,<\/li>\n\n\n\n<li>Ki\u015fisel verilerin eksik veya yanl\u0131\u015f i\u015flenmi\u015f olmas\u0131 halinde bunlar\u0131n d\u00fczeltilmesini isteme,<\/li>\n\n\n\n<li>KVKK&#8217;da \u00f6ng\u00f6r\u00fclen \u015fartlar \u00e7er\u00e7evesinde ki\u015fisel verilerinizin silinmesini veya yok edilmesini isteme,<\/li>\n\n\n\n<li>Yukar\u0131da belirtilen d\u00fczeltme, silinme ve yok edilme \u015feklindeki haklar\u0131n\u0131z uyar\u0131nca yap\u0131lan i\u015flemlerin, ki\u015fisel verilerin aktar\u0131ld\u0131\u011f\u0131 \u00fc\u00e7\u00fcnc\u00fc ki\u015filere bildirilmesini isteme,<\/li>\n\n\n\n<li>\u0130\u015flenen ki\u015fisel verilerinizin m\u00fcnhas\u0131ran otomatik sistemler ile analiz edilmesi sureti ile aleyhinize bir sonucun ortaya \u00e7\u0131kmas\u0131na itiraz etme,<\/li>\n\n\n\n<li>Ki\u015fisel verilerinizin ilgili mevzuata ayk\u0131r\u0131 olarak i\u015flenmesi sebebiyle zarara u\u011framan\u0131z h\u00e2linde zarar\u0131n\u0131z\u0131n giderilmesini talep etme haklar\u0131na sahipsiniz.<\/li>\n<\/ul>\n\n\n\n<p>10. Hak ve Talepleriniz \u0130\u00e7in \u0130leti\u015fim<\/p>\n\n\n\n<p><strong>E-posta adresi:<\/strong>&nbsp;<a href=\"mailto:info@herzshop.com\">info@herzshop.com<\/a>.tr<\/p>\n\n\n\n<p><strong>Telefon:<\/strong>&nbsp;+90 242 745 07 03<\/p>\n","protected":false},"excerpt":{"rendered":"<p>1. Ki\u015fisel Kimlik Bilgileri Kullan\u0131c\u0131lar siteyi ziyaret ettiklerinde, kaydolduklar\u0131nda, bir ankete cevap verdiklerinde, b\u00fcltene abone olduklar\u0131nda ve site \u00fczerinde kullan\u0131labilir olan di\u011fer etkinlikler, \u00f6zellikler, hizmetler veya kaynaklar\u0131 kulland\u0131klar\u0131nda kimlik bilgileri site taraf\u0131ndan toplan\u0131r. Kullan\u0131c\u0131lardan isim, e-mail adresi ve telefon numaras\u0131 gibi bilgiler istenebilir. Kullan\u0131c\u0131lar siteyi anonim olarak ziyaret edebilirler. Yaln\u0131zca kimlik bilgilerinin depolanmas\u0131n\u0131 onaylayan kullan\u0131c\u0131lar\u0131n [&hellip;]<\/p>\n","protected":false},"author":1,"featured_media":0,"parent":0,"menu_order":0,"comment_status":"closed","ping_status":"open","template":"","meta":{"footnotes":""},"class_list":["post-3","page","type-page","status-publish","hentry"],"jetpack_sharing_enabled":true,"_links":{"self":[{"href":"https:\/\/www.herzgroup.com.tr\/herzshop\/wp-json\/wp\/v2\/pages\/3","targetHints":{"allow":["GET"]}}],"collection":[{"href":"https:\/\/www.herzgroup.com.tr\/herzshop\/wp-json\/wp\/v2\/pages"}],"about":[{"href":"https:\/\/www.herzgroup.com.tr\/herzshop\/wp-json\/wp\/v2\/types\/page"}],"author":[{"embeddable":true,"href":"https:\/\/www.herzgroup.com.tr\/herzshop\/wp-json\/wp\/v2\/users\/1"}],"replies":[{"embeddable":true,"href":"https:\/\/www.herzgroup.com.tr\/herzshop\/wp-json\/wp\/v2\/comments?post=3"}],"version-history":[{"count":2,"href":"https:\/\/www.herzgroup.com.tr\/herzshop\/wp-json\/wp\/v2\/pages\/3\/revisions"}],"predecessor-version":[{"id":119,"href":"https:\/\/www.herzgroup.com.tr\/herzshop\/wp-json\/wp\/v2\/pages\/3\/revisions\/119"}],"wp:attachment":[{"href":"https:\/\/www.herzgroup.com.tr\/herzshop\/wp-json\/wp\/v2\/media?parent=3"}],"curies":[{"name":"wp","href":"https:\/\/api.w.org\/{rel}","templated":true}]}}